{"id":289,"date":"2025-03-26T15:58:41","date_gmt":"2025-03-26T15:58:41","guid":{"rendered":"https:\/\/laiaescribanadal.tandem.ws\/?page_id=289"},"modified":"2025-03-27T10:30:18","modified_gmt":"2025-03-27T10:30:18","slug":"contacte","status":"publish","type":"page","link":"https:\/\/escribanadal.cat\/es\/contacte\/","title":{"rendered":"Contacte"},"content":{"rendered":"<div class=\"gb-element-2bc08bc3\">\n<div>\n<p class=\"gb-text\">La arquitectura va m\u00e1s all\u00e1 de construir espacios: se trata de crear lugares que conecten con las personas, respeten el entorno y respondan a sus necesidades reales. Si est\u00e1s pensando en un proyecto que ponga a las personas en el centro, estar\u00e9 encantada de escucharte. Cada idea, por peque\u00f1a que sea, puede ser el inicio de un espacio transformador. Cont\u00e1ctame sin compromiso y empecemos a dar forma, juntos a tu hogar.<\/p>\n<\/div>\n\n\n\n<div>\n<p class=\"gb-text\">+34 629 14 34 35<\/p>\n\n\n\n<p class=\"gb-text\">laia@nadalescriba.cat<\/p>\n<\/div>\n<\/div>","protected":false},"excerpt":{"rendered":"<p>L\u2019arquitectura va m\u00e9s enll\u00e0 de construir espais: \u00e9s crear llocs que connectin amb les persones, respectin l\u2019entorn i responguin a les seves necessitats reals. Si est\u00e0s pensant en un projecte que posi les persones al centre, m\u2019encantar\u00e0 escoltar-te. Cada idea, per petita que sigui, pot ser l\u2019inici d\u2019un espai transformador. Contacta amb mi sense comprom\u00eds &#8230; <a title=\"Contacte\" class=\"read-more\" href=\"https:\/\/escribanadal.cat\/es\/contacte\/\" aria-label=\"Leer m\u00e1s sobre Contacte\">Leer m\u00e1s<\/a><\/p>","protected":false},"author":1,"featured_media":0,"parent":0,"menu_order":0,"comment_status":"closed","ping_status":"closed","template":"","meta":{"_acf_changed":false,"footnotes":""},"class_list":["post-289","page","type-page","status-publish"],"acf":[],"yoast_head":"<!-- This site is optimized with the Yoast SEO plugin v25.3 - https:\/\/yoast.com\/wordpress\/plugins\/seo\/ -->\n<title>Contacte - Escrib\u00e0 Nadal<\/title>\n<meta name=\"robots\" content=\"index, follow, max-snippet:-1, max-image-preview:large, max-video-preview:-1\" \/>\n<link rel=\"canonical\" href=\"https:\/\/escribanadal.cat\/es\/contacte\/\" \/>\n<meta property=\"og:locale\" content=\"es_ES\" \/>\n<meta property=\"og:type\" content=\"article\" \/>\n<meta property=\"og:title\" content=\"Contacte - Escrib\u00e0 Nadal\" \/>\n<meta property=\"og:description\" content=\"L\u2019arquitectura va m\u00e9s enll\u00e0 de construir espais: \u00e9s crear llocs que connectin amb les persones, respectin l\u2019entorn i responguin a les seves necessitats reals. Si est\u00e0s pensant en un projecte que posi les persones al centre, m\u2019encantar\u00e0 escoltar-te. Cada idea, per petita que sigui, pot ser l\u2019inici d\u2019un espai transformador. Contacta amb mi sense comprom\u00eds ... Leer m\u00e1s\" \/>\n<meta property=\"og:url\" content=\"https:\/\/escribanadal.cat\/es\/contacte\/\" \/>\n<meta property=\"og:site_name\" content=\"Escrib\u00e0 Nadal\" \/>\n<meta property=\"article:modified_time\" content=\"2025-03-27T10:30:18+00:00\" \/>\n<meta name=\"twitter:card\" content=\"summary_large_image\" \/>\n<script type=\"application\/ld+json\" class=\"yoast-schema-graph\">{\"@context\":\"https:\/\/schema.org\",\"@graph\":[{\"@type\":\"WebPage\",\"@id\":\"https:\/\/escribanadal.cat\/contacte\/\",\"url\":\"https:\/\/escribanadal.cat\/contacte\/\",\"name\":\"Contacte - Escrib\u00e0 Nadal\",\"isPartOf\":{\"@id\":\"https:\/\/escribanadal.cat\/#website\"},\"datePublished\":\"2025-03-26T15:58:41+00:00\",\"dateModified\":\"2025-03-27T10:30:18+00:00\",\"breadcrumb\":{\"@id\":\"https:\/\/escribanadal.cat\/contacte\/#breadcrumb\"},\"inLanguage\":\"es\",\"potentialAction\":[{\"@type\":\"ReadAction\",\"target\":[\"https:\/\/escribanadal.cat\/contacte\/\"]}]},{\"@type\":\"BreadcrumbList\",\"@id\":\"https:\/\/escribanadal.cat\/contacte\/#breadcrumb\",\"itemListElement\":[{\"@type\":\"ListItem\",\"position\":1,\"name\":\"Inici\",\"item\":\"https:\/\/escribanadal.cat\/\"},{\"@type\":\"ListItem\",\"position\":2,\"name\":\"Contacte\"}]},{\"@type\":\"WebSite\",\"@id\":\"https:\/\/escribanadal.cat\/#website\",\"url\":\"https:\/\/escribanadal.cat\/\",\"name\":\"Escrib\u00e0 Nadal\",\"description\":\"Arquitectes\",\"publisher\":{\"@id\":\"https:\/\/escribanadal.cat\/#\/schema\/person\/afb643a891cfa37952a093805c073340\"},\"potentialAction\":[{\"@type\":\"SearchAction\",\"target\":{\"@type\":\"EntryPoint\",\"urlTemplate\":\"https:\/\/escribanadal.cat\/?s={search_term_string}\"},\"query-input\":{\"@type\":\"PropertyValueSpecification\",\"valueRequired\":true,\"valueName\":\"search_term_string\"}}],\"inLanguage\":\"es\"},{\"@type\":[\"Person\",\"Organization\"],\"@id\":\"https:\/\/escribanadal.cat\/#\/schema\/person\/afb643a891cfa37952a093805c073340\",\"name\":\"Gestora\",\"image\":{\"@type\":\"ImageObject\",\"inLanguage\":\"es\",\"@id\":\"https:\/\/escribanadal.cat\/#\/schema\/person\/image\/\",\"url\":\"https:\/\/escribanadal.cat\/wp-content\/uploads\/2025\/03\/logo.svg\",\"contentUrl\":\"https:\/\/escribanadal.cat\/wp-content\/uploads\/2025\/03\/logo.svg\",\"width\":1166,\"height\":414,\"caption\":\"Gestora\"},\"logo\":{\"@id\":\"https:\/\/escribanadal.cat\/#\/schema\/person\/image\/\"}}]}<\/script>\n<!-- \/ Yoast SEO plugin. -->","yoast_head_json":{"title":"Contacte - Escrib\u00e0 Nadal","robots":{"index":"index","follow":"follow","max-snippet":"max-snippet:-1","max-image-preview":"max-image-preview:large","max-video-preview":"max-video-preview:-1"},"canonical":"https:\/\/escribanadal.cat\/es\/contacte\/","og_locale":"es_ES","og_type":"article","og_title":"Contacte - Escrib\u00e0 Nadal","og_description":"L\u2019arquitectura va m\u00e9s enll\u00e0 de construir espais: \u00e9s crear llocs que connectin amb les persones, respectin l\u2019entorn i responguin a les seves necessitats reals. Si est\u00e0s pensant en un projecte que posi les persones al centre, m\u2019encantar\u00e0 escoltar-te. Cada idea, per petita que sigui, pot ser l\u2019inici d\u2019un espai transformador. Contacta amb mi sense comprom\u00eds ... Leer m\u00e1s","og_url":"https:\/\/escribanadal.cat\/es\/contacte\/","og_site_name":"Escrib\u00e0 Nadal","article_modified_time":"2025-03-27T10:30:18+00:00","twitter_card":"summary_large_image","schema":{"@context":"https:\/\/schema.org","@graph":[{"@type":"WebPage","@id":"https:\/\/escribanadal.cat\/contacte\/","url":"https:\/\/escribanadal.cat\/contacte\/","name":"Contacte - Escrib\u00e0 Nadal","isPartOf":{"@id":"https:\/\/escribanadal.cat\/#website"},"datePublished":"2025-03-26T15:58:41+00:00","dateModified":"2025-03-27T10:30:18+00:00","breadcrumb":{"@id":"https:\/\/escribanadal.cat\/contacte\/#breadcrumb"},"inLanguage":"es","potentialAction":[{"@type":"ReadAction","target":["https:\/\/escribanadal.cat\/contacte\/"]}]},{"@type":"BreadcrumbList","@id":"https:\/\/escribanadal.cat\/contacte\/#breadcrumb","itemListElement":[{"@type":"ListItem","position":1,"name":"Inici","item":"https:\/\/escribanadal.cat\/"},{"@type":"ListItem","position":2,"name":"Contacte"}]},{"@type":"WebSite","@id":"https:\/\/escribanadal.cat\/#website","url":"https:\/\/escribanadal.cat\/","name":"Escrib\u00e0 Nadal","description":"Arquitectes","publisher":{"@id":"https:\/\/escribanadal.cat\/#\/schema\/person\/afb643a891cfa37952a093805c073340"},"potentialAction":[{"@type":"SearchAction","target":{"@type":"EntryPoint","urlTemplate":"https:\/\/escribanadal.cat\/?s={search_term_string}"},"query-input":{"@type":"PropertyValueSpecification","valueRequired":true,"valueName":"search_term_string"}}],"inLanguage":"es"},{"@type":["Person","Organization"],"@id":"https:\/\/escribanadal.cat\/#\/schema\/person\/afb643a891cfa37952a093805c073340","name":"Gestora","image":{"@type":"ImageObject","inLanguage":"es","@id":"https:\/\/escribanadal.cat\/#\/schema\/person\/image\/","url":"https:\/\/escribanadal.cat\/wp-content\/uploads\/2025\/03\/logo.svg","contentUrl":"https:\/\/escribanadal.cat\/wp-content\/uploads\/2025\/03\/logo.svg","width":1166,"height":414,"caption":"Gestora"},"logo":{"@id":"https:\/\/escribanadal.cat\/#\/schema\/person\/image\/"}}]}},"_links":{"self":[{"href":"https:\/\/escribanadal.cat\/es\/wp-json\/wp\/v2\/pages\/289","targetHints":{"allow":["GET"]}}],"collection":[{"href":"https:\/\/escribanadal.cat\/es\/wp-json\/wp\/v2\/pages"}],"about":[{"href":"https:\/\/escribanadal.cat\/es\/wp-json\/wp\/v2\/types\/page"}],"author":[{"embeddable":true,"href":"https:\/\/escribanadal.cat\/es\/wp-json\/wp\/v2\/users\/1"}],"replies":[{"embeddable":true,"href":"https:\/\/escribanadal.cat\/es\/wp-json\/wp\/v2\/comments?post=289"}],"version-history":[{"count":5,"href":"https:\/\/escribanadal.cat\/es\/wp-json\/wp\/v2\/pages\/289\/revisions"}],"predecessor-version":[{"id":544,"href":"https:\/\/escribanadal.cat\/es\/wp-json\/wp\/v2\/pages\/289\/revisions\/544"}],"wp:attachment":[{"href":"https:\/\/escribanadal.cat\/es\/wp-json\/wp\/v2\/media?parent=289"}],"curies":[{"name":"wp","href":"https:\/\/api.w.org\/{rel}","templated":true}]}}