{"id":273,"date":"2025-03-26T15:33:15","date_gmt":"2025-03-26T15:33:15","guid":{"rendered":"https:\/\/laiaescribanadal.tandem.ws\/?page_id=273"},"modified":"2025-04-10T08:54:39","modified_gmt":"2025-04-10T06:54:39","slug":"estudi","status":"publish","type":"page","link":"https:\/\/escribanadal.cat\/es\/estudi\/","title":{"rendered":"Estudi"},"content":{"rendered":"<div class=\"gb-element-aa00d4c0\">\n<div class=\"gb-element-0e6cec3b\" style=\"--inline-bg-image: url(https:\/\/escribanadal.cat\/wp-content\/uploads\/2025\/03\/laia_escriba_nadal_arquitecta.jpg)\"><\/div>\n\n\n\n<div class=\"gb-element-3efa5785\">\n<p class=\"gb-text translation-block\">quien soy<br>\n<br>\nLicenciada en Arquitectura (UPC 1996), Erasmus en La Sapienza (Roma 1993-94)y Eurodisea en el Teatro les Bouffes du Nord(Paris1996).<br>\nArquitecta independiente y polifac\u00e9tica convino los proyectos de edificaci\u00f3n y rehabilitaci\u00f3n con los de arquitectura del paisaje, escenograf\u00eda, y arte ef\u00edmero.<br>\n<br>\nc\u00f3mo trabajo<br>\n<br>\nOjo y domestico paisajes, urbanos o naturales, de manera ef\u00edmera o permanente.<br>\nMe gustan las preexistencias rurales o industriales para imaginar nuevas formas de habitarlas o de revivirlas.<br>\nTengo gran respeto y admiraci\u00f3n por las t\u00e9cnicas tradicionales de la construcci\u00f3n que nos han precedido, sin renunciar a realizar una arquitectura contempor\u00e1nea y de calidad.<br>\nTrabajo para hacer realidad tus sue\u00f1os, ayud\u00e1ndote a encontrar esa arquitectura que se adapte a tus necesidades e ilusiones.<br>\nArquitectura artesanal hecha a medida, saludable, luminosa y honesta, pensada para satisfacer los deseos de quienes lo habitar\u00e1n o disfrutar\u00e1n, sea vivienda o espacio p\u00fablico, sea para siempre o s\u00f3lo por unas horas.<br>\n<br>\nA pesar de trabajar sola, tengo un entorno de arquitectos con los que compartimos a menudo proyectos como\u2026<br>\n<br>\nde d\u00f3nde vengo<br>\n<br>\nHija de madre y padre arquitectos apasionados, mam\u00e9 esta profesi\u00f3n desde la cuna, y por tanto el juego de la arquitectura se ha integrado en m\u00ed desde que tengo uso de raz\u00f3n.<br>\nPuede decirse que soy arquitecta por equivocaci\u00f3n y que esta profesi\u00f3n me ha permitido adentrarme en mundos muy diferentes entre s\u00ed, siempre con la mirada curiosa y el ingenio afilado para buscar soluciones inesperadas y juguetonas, con rigor y profundidad. Cada d\u00eda aprendo como m\u00ednimo algo.<\/p>\n<\/div>\n<\/div>","protected":false},"excerpt":{"rendered":"<p>qui s\u00f3c Llicenciada en Arquitectura (UPC 1996), Erasmus a La Sapienza (Roma 1993-94)i Eurodissea al Teatre les Bouffes du Nord(Paris1996). Arquitecta independent i polifac\u00e8tica convino els projectes d\u2019edificaci\u00f3 i rehabilitaci\u00f3 amb els d\u2019arquitectura del paisatge, escenografia , i art ef\u00edmer. com treballo Ullo i domestico paisatges, urbans o naturals , de manera ef\u00edmera o permanent. &#8230; <a title=\"Estudi\" class=\"read-more\" href=\"https:\/\/escribanadal.cat\/es\/estudi\/\" aria-label=\"Leer m\u00e1s sobre Estudi\">Leer m\u00e1s<\/a><\/p>","protected":false},"author":1,"featured_media":0,"parent":0,"menu_order":0,"comment_status":"closed","ping_status":"closed","template":"","meta":{"_acf_changed":false,"footnotes":""},"class_list":["post-273","page","type-page","status-publish"],"acf":[],"yoast_head":"<!-- This site is optimized with the Yoast SEO plugin v25.3 - https:\/\/yoast.com\/wordpress\/plugins\/seo\/ -->\n<title>Estudi - Escrib\u00e0 Nadal<\/title>\n<meta name=\"robots\" content=\"index, follow, max-snippet:-1, max-image-preview:large, max-video-preview:-1\" \/>\n<link rel=\"canonical\" href=\"https:\/\/escribanadal.cat\/es\/estudi\/\" \/>\n<meta property=\"og:locale\" content=\"es_ES\" \/>\n<meta property=\"og:type\" content=\"article\" \/>\n<meta property=\"og:title\" content=\"Estudi - Escrib\u00e0 Nadal\" \/>\n<meta property=\"og:description\" content=\"qui s\u00f3c Llicenciada en Arquitectura (UPC 1996), Erasmus a La Sapienza (Roma 1993-94)i Eurodissea al Teatre les Bouffes du Nord(Paris1996). Arquitecta independent i polifac\u00e8tica convino els projectes d\u2019edificaci\u00f3 i rehabilitaci\u00f3 amb els d\u2019arquitectura del paisatge, escenografia , i art ef\u00edmer. com treballo Ullo i domestico paisatges, urbans o naturals , de manera ef\u00edmera o permanent. ... Leer m\u00e1s\" \/>\n<meta property=\"og:url\" content=\"https:\/\/escribanadal.cat\/es\/estudi\/\" \/>\n<meta property=\"og:site_name\" content=\"Escrib\u00e0 Nadal\" \/>\n<meta property=\"article:modified_time\" content=\"2025-04-10T06:54:39+00:00\" \/>\n<meta name=\"twitter:card\" content=\"summary_large_image\" \/>\n<script type=\"application\/ld+json\" class=\"yoast-schema-graph\">{\"@context\":\"https:\/\/schema.org\",\"@graph\":[{\"@type\":\"WebPage\",\"@id\":\"https:\/\/escribanadal.cat\/estudi\/\",\"url\":\"https:\/\/escribanadal.cat\/estudi\/\",\"name\":\"Estudi - Escrib\u00e0 Nadal\",\"isPartOf\":{\"@id\":\"https:\/\/escribanadal.cat\/#website\"},\"datePublished\":\"2025-03-26T15:33:15+00:00\",\"dateModified\":\"2025-04-10T06:54:39+00:00\",\"breadcrumb\":{\"@id\":\"https:\/\/escribanadal.cat\/estudi\/#breadcrumb\"},\"inLanguage\":\"es\",\"potentialAction\":[{\"@type\":\"ReadAction\",\"target\":[\"https:\/\/escribanadal.cat\/estudi\/\"]}]},{\"@type\":\"BreadcrumbList\",\"@id\":\"https:\/\/escribanadal.cat\/estudi\/#breadcrumb\",\"itemListElement\":[{\"@type\":\"ListItem\",\"position\":1,\"name\":\"Inici\",\"item\":\"https:\/\/escribanadal.cat\/\"},{\"@type\":\"ListItem\",\"position\":2,\"name\":\"Estudi\"}]},{\"@type\":\"WebSite\",\"@id\":\"https:\/\/escribanadal.cat\/#website\",\"url\":\"https:\/\/escribanadal.cat\/\",\"name\":\"Escrib\u00e0 Nadal\",\"description\":\"Arquitectes\",\"publisher\":{\"@id\":\"https:\/\/escribanadal.cat\/#\/schema\/person\/afb643a891cfa37952a093805c073340\"},\"potentialAction\":[{\"@type\":\"SearchAction\",\"target\":{\"@type\":\"EntryPoint\",\"urlTemplate\":\"https:\/\/escribanadal.cat\/?s={search_term_string}\"},\"query-input\":{\"@type\":\"PropertyValueSpecification\",\"valueRequired\":true,\"valueName\":\"search_term_string\"}}],\"inLanguage\":\"es\"},{\"@type\":[\"Person\",\"Organization\"],\"@id\":\"https:\/\/escribanadal.cat\/#\/schema\/person\/afb643a891cfa37952a093805c073340\",\"name\":\"Gestora\",\"image\":{\"@type\":\"ImageObject\",\"inLanguage\":\"es\",\"@id\":\"https:\/\/escribanadal.cat\/#\/schema\/person\/image\/\",\"url\":\"https:\/\/escribanadal.cat\/wp-content\/uploads\/2025\/03\/logo.svg\",\"contentUrl\":\"https:\/\/escribanadal.cat\/wp-content\/uploads\/2025\/03\/logo.svg\",\"width\":1166,\"height\":414,\"caption\":\"Gestora\"},\"logo\":{\"@id\":\"https:\/\/escribanadal.cat\/#\/schema\/person\/image\/\"}}]}<\/script>\n<!-- \/ Yoast SEO plugin. -->","yoast_head_json":{"title":"Estudi - Escrib\u00e0 Nadal","robots":{"index":"index","follow":"follow","max-snippet":"max-snippet:-1","max-image-preview":"max-image-preview:large","max-video-preview":"max-video-preview:-1"},"canonical":"https:\/\/escribanadal.cat\/es\/estudi\/","og_locale":"es_ES","og_type":"article","og_title":"Estudi - Escrib\u00e0 Nadal","og_description":"qui s\u00f3c Llicenciada en Arquitectura (UPC 1996), Erasmus a La Sapienza (Roma 1993-94)i Eurodissea al Teatre les Bouffes du Nord(Paris1996). Arquitecta independent i polifac\u00e8tica convino els projectes d\u2019edificaci\u00f3 i rehabilitaci\u00f3 amb els d\u2019arquitectura del paisatge, escenografia , i art ef\u00edmer. com treballo Ullo i domestico paisatges, urbans o naturals , de manera ef\u00edmera o permanent. ... Leer m\u00e1s","og_url":"https:\/\/escribanadal.cat\/es\/estudi\/","og_site_name":"Escrib\u00e0 Nadal","article_modified_time":"2025-04-10T06:54:39+00:00","twitter_card":"summary_large_image","schema":{"@context":"https:\/\/schema.org","@graph":[{"@type":"WebPage","@id":"https:\/\/escribanadal.cat\/estudi\/","url":"https:\/\/escribanadal.cat\/estudi\/","name":"Estudi - Escrib\u00e0 Nadal","isPartOf":{"@id":"https:\/\/escribanadal.cat\/#website"},"datePublished":"2025-03-26T15:33:15+00:00","dateModified":"2025-04-10T06:54:39+00:00","breadcrumb":{"@id":"https:\/\/escribanadal.cat\/estudi\/#breadcrumb"},"inLanguage":"es","potentialAction":[{"@type":"ReadAction","target":["https:\/\/escribanadal.cat\/estudi\/"]}]},{"@type":"BreadcrumbList","@id":"https:\/\/escribanadal.cat\/estudi\/#breadcrumb","itemListElement":[{"@type":"ListItem","position":1,"name":"Inici","item":"https:\/\/escribanadal.cat\/"},{"@type":"ListItem","position":2,"name":"Estudi"}]},{"@type":"WebSite","@id":"https:\/\/escribanadal.cat\/#website","url":"https:\/\/escribanadal.cat\/","name":"Escrib\u00e0 Nadal","description":"Arquitectes","publisher":{"@id":"https:\/\/escribanadal.cat\/#\/schema\/person\/afb643a891cfa37952a093805c073340"},"potentialAction":[{"@type":"SearchAction","target":{"@type":"EntryPoint","urlTemplate":"https:\/\/escribanadal.cat\/?s={search_term_string}"},"query-input":{"@type":"PropertyValueSpecification","valueRequired":true,"valueName":"search_term_string"}}],"inLanguage":"es"},{"@type":["Person","Organization"],"@id":"https:\/\/escribanadal.cat\/#\/schema\/person\/afb643a891cfa37952a093805c073340","name":"Gestora","image":{"@type":"ImageObject","inLanguage":"es","@id":"https:\/\/escribanadal.cat\/#\/schema\/person\/image\/","url":"https:\/\/escribanadal.cat\/wp-content\/uploads\/2025\/03\/logo.svg","contentUrl":"https:\/\/escribanadal.cat\/wp-content\/uploads\/2025\/03\/logo.svg","width":1166,"height":414,"caption":"Gestora"},"logo":{"@id":"https:\/\/escribanadal.cat\/#\/schema\/person\/image\/"}}]}},"_links":{"self":[{"href":"https:\/\/escribanadal.cat\/es\/wp-json\/wp\/v2\/pages\/273","targetHints":{"allow":["GET"]}}],"collection":[{"href":"https:\/\/escribanadal.cat\/es\/wp-json\/wp\/v2\/pages"}],"about":[{"href":"https:\/\/escribanadal.cat\/es\/wp-json\/wp\/v2\/types\/page"}],"author":[{"embeddable":true,"href":"https:\/\/escribanadal.cat\/es\/wp-json\/wp\/v2\/users\/1"}],"replies":[{"embeddable":true,"href":"https:\/\/escribanadal.cat\/es\/wp-json\/wp\/v2\/comments?post=273"}],"version-history":[{"count":10,"href":"https:\/\/escribanadal.cat\/es\/wp-json\/wp\/v2\/pages\/273\/revisions"}],"predecessor-version":[{"id":571,"href":"https:\/\/escribanadal.cat\/es\/wp-json\/wp\/v2\/pages\/273\/revisions\/571"}],"wp:attachment":[{"href":"https:\/\/escribanadal.cat\/es\/wp-json\/wp\/v2\/media?parent=273"}],"curies":[{"name":"wp","href":"https:\/\/api.w.org\/{rel}","templated":true}]}}